{"id":3240,"date":"2024-07-22T14:25:24","date_gmt":"2024-07-22T12:25:24","guid":{"rendered":"http:\/\/beat2beat.club\/vilkar-og-betingelser\/"},"modified":"2024-09-27T11:38:23","modified_gmt":"2024-09-27T09:38:23","slug":"vilkar-og-betingelser","status":"publish","type":"page","link":"https:\/\/beat2beat.club\/no\/vilkar-og-betingelser\/","title":{"rendered":"Vilk\u00e5r og betingelser"},"content":{"rendered":"\t\t<div data-elementor-type=\"wp-page\" data-elementor-id=\"3240\" class=\"elementor elementor-3240 elementor-2155\" data-elementor-post-type=\"page\">\n\t\t\t\t<div data-dce-background-color=\"#000000\" class=\"elementor-element elementor-element-60f31520 e-con-full elementor-hidden-desktop e-flex e-con e-parent\" data-id=\"60f31520\" data-element_type=\"container\" data-e-type=\"container\" data-settings=\"{&quot;background_background&quot;:&quot;video&quot;,&quot;background_video_link&quot;:&quot;http:\\\/\\\/beat2beat.club\\\/wp-content\\\/uploads\\\/2024\\\/07\\\/12rndsportrait.mp4&quot;,&quot;background_play_on_mobile&quot;:&quot;yes&quot;,&quot;background_privacy_mode&quot;:&quot;yes&quot;}\">\n\t\t<div class=\"elementor-background-video-container\">\n\t\t\t\t\t\t\t<video class=\"elementor-background-video-hosted\" role=\"presentation\" autoplay muted playsinline loop><\/video>\n\t\t\t\t\t<\/div><div class=\"elementor-element elementor-element-3990f8a7 e-con-full e-flex e-con e-child\" data-id=\"3990f8a7\" data-element_type=\"container\" data-e-type=\"container\" data-settings=\"{&quot;background_background&quot;:&quot;classic&quot;}\">\n\t\t<div class=\"elementor-element elementor-element-5f0a4396 e-con-full e-flex e-con e-child\" data-id=\"5f0a4396\" data-element_type=\"container\" data-e-type=\"container\">\n\t\t<div class=\"elementor-element elementor-element-4ae7fb7c e-con-full e-flex e-con e-child\" data-id=\"4ae7fb7c\" data-element_type=\"container\" data-e-type=\"container\">\n\t\t\t\t<div class=\"elementor-element elementor-element-1387e654 elementor-widget elementor-widget-heading\" data-id=\"1387e654\" data-element_type=\"widget\" data-e-type=\"widget\" data-settings=\"{&quot;ekit_we_effect_on&quot;:&quot;none&quot;}\" data-widget_type=\"heading.default\">\n\t\t\t\t<div class=\"elementor-widget-container\">\n\t\t\t\t\t<h2 class=\"elementor-heading-title elementor-size-default\">Vilk\u00e5r og betingelser<\/h2>\t\t\t\t<\/div>\n\t\t\t\t<\/div>\n\t\t\t\t<\/div>\n\t\t\t\t<\/div>\n\t\t\t\t<\/div>\n\t\t\t\t<\/div>\n\t\t<div data-dce-background-color=\"#000000\" class=\"elementor-element elementor-element-6fdaabbc e-con-full elementor-hidden-tablet elementor-hidden-mobile e-flex e-con e-parent\" data-id=\"6fdaabbc\" data-element_type=\"container\" data-e-type=\"container\" data-settings=\"{&quot;background_background&quot;:&quot;video&quot;,&quot;background_video_link&quot;:&quot;http:\\\/\\\/beat2beat.club\\\/wp-content\\\/uploads\\\/2024\\\/07\\\/12rndslandscape.mp4&quot;}\">\n\t\t<div class=\"elementor-background-video-container elementor-hidden-mobile\">\n\t\t\t\t\t\t\t<video class=\"elementor-background-video-hosted\" role=\"presentation\" autoplay muted playsinline loop><\/video>\n\t\t\t\t\t<\/div><div class=\"elementor-element elementor-element-5b85ef50 e-con-full e-flex e-con e-child\" data-id=\"5b85ef50\" data-element_type=\"container\" data-e-type=\"container\" data-settings=\"{&quot;background_background&quot;:&quot;classic&quot;}\">\n\t\t<div class=\"elementor-element elementor-element-1495b5a4 e-con-full e-flex e-con e-child\" data-id=\"1495b5a4\" data-element_type=\"container\" data-e-type=\"container\">\n\t\t<div class=\"elementor-element elementor-element-5a42cb48 e-con-full e-flex e-con e-child\" data-id=\"5a42cb48\" data-element_type=\"container\" data-e-type=\"container\">\n\t\t\t\t<div class=\"elementor-element elementor-element-1c809a99 elementor-widget elementor-widget-heading\" data-id=\"1c809a99\" data-element_type=\"widget\" data-e-type=\"widget\" data-settings=\"{&quot;ekit_we_effect_on&quot;:&quot;none&quot;}\" data-widget_type=\"heading.default\">\n\t\t\t\t<div class=\"elementor-widget-container\">\n\t\t\t\t\t<h2 class=\"elementor-heading-title elementor-size-default\">Vilk\u00e5r og betingelser<\/h2>\t\t\t\t<\/div>\n\t\t\t\t<\/div>\n\t\t\t\t<\/div>\n\t\t\t\t<\/div>\n\t\t\t\t<\/div>\n\t\t\t\t<\/div>\n\t\t<div class=\"elementor-element elementor-element-6f6bebc e-con-full e-flex e-con e-parent\" data-id=\"6f6bebc\" data-element_type=\"container\" data-e-type=\"container\" data-settings=\"{&quot;background_background&quot;:&quot;classic&quot;}\">\n\t\t<div class=\"elementor-element elementor-element-4e7f2964 e-con-full e-flex elementor-invisible e-con e-child\" data-id=\"4e7f2964\" data-element_type=\"container\" data-e-type=\"container\" data-settings=\"{&quot;animation&quot;:&quot;fadeInLeft&quot;,&quot;animation_delay&quot;:100}\">\n\t\t\t\t<div class=\"elementor-element elementor-element-f1a8d2f elementor-widget__width-inherit elementor-widget elementor-widget-text-editor\" data-id=\"f1a8d2f\" data-element_type=\"widget\" data-e-type=\"widget\" data-settings=\"{&quot;ekit_we_effect_on&quot;:&quot;none&quot;}\" data-widget_type=\"text-editor.default\">\n\t\t\t\t<div class=\"elementor-widget-container\">\n\t\t\t\t\t\t\t\t\t<ol>\n<li><strong>  definisjoner\/definisjoner<\/strong>\n<ol>\n<li>Med mindre annet fremg\u00e5r av sammenhengen, skal f\u00f8lgende begreper ha f\u00f8lgende betydning i forbindelse med denne kontrakten.<\/li>\n<li>generelle vilk\u00e5r og betingelser: de generelle vilk\u00e5rene og betingelsene som brukes av Boxing Sisters og dets lokale datterselskaper.<\/li>\n<li>fitness: en tjeneste rettet mot fysisk og\/eller mental aktivitet.<\/li>\n<li>kunde: en fysisk person som ikke opptrer som ledd i yrkesmessig eller kommersiell virksomhet, og som inng\u00e5r en avtale om treningstjenester.<\/li>\n<li>selskap 12 runder (se kontaktsiden for selskapsdetaljer per land)<\/li>\n<li>kontrakt: kontrakt mellom selskapet og kunden om levering av treningstjenester.<\/li>\n<\/ol>\n<\/li>\n<li><strong>  bruksomr\u00e5de<\/strong>\n<ol>\n<li>forretningsforholdet mellom selskapet og kunden skal utelukkende reguleres av disse generelle vilk\u00e5rene i den versjonen som gjelder p\u00e5 tidspunktet for kontraktsinng\u00e5elsen.<\/li>\n<\/ol>\n<\/li>\n<li><strong>  inng\u00e5else av kontrakt<\/strong>\n<ol>\n<li>Ved \u00e5 fylle ut skjemaet &laquo;Jeg \u00f8nsker \u00e5 motta startinformasjon&raquo; p\u00e5 selskapets hjemmeside, uttrykker kunden sin interesse for et kurs i regi av selskapet. F\u00f8r du sender inn skjemaet, har kunden mulighet til \u00e5 kontrollere opplysningene hun har fylt ut. Etter \u00e5 ha sendt skjemaet mottar kunden en automatisk generert e-post eller en automatisk generert WhatsApp-melding. I denne elektroniske meldingen f\u00e5r kunden all informasjon som er n\u00f8dvendig for \u00e5 inng\u00e5 kontrakten. Ingen kontrakt inng\u00e5s ved mottak av denne automatiske e-posten eller denne automatiske WhatsApp-meldingen.<\/li>\n<li>avtalen mellom selskapet og kunden inng\u00e5s ved betaling av avgiften for kurset eller medlemskapet. Betalingen kan gj\u00f8res ved \u00e5 klikke p\u00e5 en lenke i den automatisk genererte e-posten eller den automatisk genererte WhatsApp-meldingen, slik at kunden omdirigeres til selskapets betalingsside ved \u00e5 klikke p\u00e5 den. P\u00e5 dette nettstedet kan kunden foreta betalingen via en betalingstjeneste som tilbys av selskapet. Ved vellykket betaling inng\u00e5s en kontrakt mellom selskapet og kunden.<\/li>\n<li>innholdet i kontrakten og de andre dokumentene som selskapet leverer til kunden, skal behandles strengt konfidensielt.<\/li>\n<li>kontrakter med mindre\u00e5rige (under 18 \u00e5r) kan ikke inng\u00e5s. Deltakelse er kun tillatt for voksne over 18 \u00e5r.<\/li>\n<\/ol>\n<\/li>\n<li><strong>angrerett<\/strong>\n<ol>\n<li>kunder har rett til \u00e5 trekke seg fra kontrakten innen fjorten dager etter kontraktsinng\u00e5elsen uten \u00e5 oppgi noen grunn. For \u00e5 ut\u00f8ve angreretten m\u00e5 kunden informere selskapet ved hjelp av et skjema om at han\/hun \u00f8nsker \u00e5 g\u00e5 fra avtalen. Skjemaet kan sendes til selskapet per post, faks eller e-post. For \u00e5 overholde angrefristen er det tilstrekkelig \u00e5 sende skjemaet om ut\u00f8velse av angreretten f\u00f8r angrefristen utl\u00f8per. Angreretten opph\u00f8rer imidlertid n\u00e5r forbrukeren bruker treningstjenesten for tidlig.<\/li>\n<li>hvis en forbruker trekker seg fra avtalen, skal selskapet refundere alle betalinger forbrukeren har foretatt uten opphold og senest innen 14 dager fra den dagen selskapet mottar melding om angreretten. For denne tilbakebetalingen vil selskapet bruke samme betalingsmiddel som forbrukeren brukte for den opprinnelige betalingen, med mindre annet er uttrykkelig avtalt; forbrukeren vil ikke i noe tilfelle bli belastet for denne tilbakebetalingen.<\/li>\n<\/ol>\n<\/li>\n<li><strong>Tjenestens innhold og omfang<\/strong>\n<ol>\n<li>typen og omfanget av tjenester avhenger av treningsavtalen og tilleggstjenestene eller pakkene som tilbys og velges (f.eks. personlig coaching).<\/li>\n<li>medlemskap er personlig. Medlemskapet kan ikke overf\u00f8res til tredjepart uten skriftlig samtykke fra selskapet.<\/li>\n<\/ol>\n<\/li>\n<li><strong>Varighet og (for tidlig) oppsigelse av kontrakten<\/strong>\n<ol>\n<li>selskapet tilbyr kunden minst ett av f\u00f8lgende alternativer:\n<ol>\n<li>Nybegynnerkurset, der kunden f\u00e5r 16 studiepoeng (rett til \u00e5 delta p\u00e5 16 kurs), som hun kan bruke fritt i en periode p\u00e5 11 uker p\u00e5 et av kursene som tilbys av selskapet (Boxing Sisters nybegynner- og videreg\u00e5ende kurs). Avtalen avsluttes automatisk etter at studiepoengene er brukt opp eller etter at 11-ukersperioden er utl\u00f8pt, og det kreves ingen ytterligere oppsigelse. Midlertidig oppsigelse uten saklig grunn er utelukket.<\/li>\n<li>Et fleksibelt medlemskap for en periode p\u00e5 fire uker, som kan sies opp m\u00e5nedlig med en m\u00e5neds varsel til slutten av m\u00e5neden. Deltakelse p\u00e5 et introduksjonskurs er en forutsetning for dette medlemskapet.<\/li>\n<li>Et lojalitetsmedlemskap for en periode p\u00e5 minst ett \u00e5r, som kan sies opp ved utl\u00f8pet av denne avtaleperioden med \u00e9n m\u00e5neds varsel til slutten av hver m\u00e5ned. Deltakelse p\u00e5 et introduksjonskurs er en forutsetning for dette medlemskapet.<\/li>\n<li>dersom kontrakten ikke sies opp i tide, forlenges den stilltiende med 4 uker etter oppsigelsesfristens utl\u00f8p. Den forlengede kontrakten kan sies opp n\u00e5r som helst med en m\u00e5neds oppsigelsestid.<\/li>\n<li>hvis kontrakten er inng\u00e5tt for en periode p\u00e5 mer enn ett \u00e5r, kan kunden si opp kontrakten etter utl\u00f8pet av denne perioden med \u00e9n m\u00e5neds varsel.<\/li>\n<li>ekstraordin\u00e6r oppsigelse fra kundens side er mulig hvis:\n<ol>\n<li>forbrukeren flytter bostedet sitt utenfor en radius p\u00e5 20 km fra treningssenteret som medlemskapet ble tegnet for. Dette m\u00e5 dokumenteres med en oppf\u00f8ring i beboerregisteret.<\/li>\n<li>kunden lider av en skade eller sykdom som gj\u00f8r det umulig eller skadelig \u00e5 fortsette \u00e5 bruke selskapets tjenester. Hvis det fortsatt er mulig \u00e5 bruke enkelte, ikke helt ubetydelige deler, er ekstraordin\u00e6r oppsigelse ikke tillatt.<\/li>\n<li>Kunden er gravid.<\/li>\n<li>Kontrakten m\u00e5 sies opp skriftlig.<\/li>\n<li>I tillegg til oppsigelsesmuligheten som er spesifisert i punkt 4, har kunden ogs\u00e5 mulighet til \u00e5 fryse kontrakten. I tilfelle sykdom eller skade som gj\u00f8r det umulig eller ufordelaktig \u00e5 bruke selskapets tjenester i en periode p\u00e5 mer enn en m\u00e5ned, kan kunden oppgi at hun ikke vil bruke treningsaktivitetene i mer enn en m\u00e5ned p\u00e5 grunn av skade eller sykdom, og i s\u00e5 fall forlenges avtaleperioden med denne perioden uten at det p\u00e5l\u00f8per ekstra bidragskostnader for denne perioden.<\/li>\n<li>ekstraordin\u00e6r oppsigelse fra selskapets side er mulig med umiddelbar virkning hvis:\n<ol>\n<li>Forbrukeren bryter en eller flere bestemmelser i disse vilk\u00e5rene eller gjeldende (hus)regler.<\/li>\n<li>forbrukeren har opptr\u00e5dt ulovlig overfor selskapet eller en part i avtalen med selskapet.<\/li>\n<li>Hvis kunden er i restanse med betaling av et bel\u00f8p som tilsvarer to m\u00e5nedspremier, har selskapet rett til \u00e5 si opp avtalen uten varsel dersom det foreligger saklig grunn.<\/li>\n<\/ol>\n<\/li>\n<\/ol>\n<\/li>\n<\/ol>\n<\/li>\n<\/ol>\n<\/li>\n<li><strong>Priser og prisendringer<\/strong>\n<ol>\n<li>medlemskontingenten m\u00e5 betales p\u00e5 forh\u00e5nd.<\/li>\n<li>eventuelle pris\u00f8kninger skal kunngj\u00f8res av entrepren\u00f8ren 2 uker i forveien.<\/li>\n<li>i tilfelle pris\u00f8kning har kunden rett til \u00e5 si opp avtalen innen \u00e9n m\u00e5ned etter at pris\u00f8kningen er varslet. Medlemskontingenten som er betalt p\u00e5 forh\u00e5nd, vil bli refundert.<\/li>\n<li>Oppsigelsesadgangen i henhold til punkt 3 gjelder ikke for prisjusteringer basert p\u00e5 prisindeksering p\u00e5 opptil 60 euro per \u00e5r eller prisjusteringer som f\u00f8lger direkte av loven, for eksempel i forbindelse med merverdiavgift.<\/li>\n<\/ol>\n<\/li>\n<li><strong>selskapets\/leverand\u00f8rens forpliktelser<\/strong>\n<ol>\n<li>selskapet garanterer at fasilitetene og tjenestene som leveres er i samsvar med kontrakten.<\/li>\n<li>selskapet m\u00e5 utf\u00f8re n\u00f8dvendig vedlikehold p\u00e5 utstyret.<\/li>\n<li>selskapet garanterer at instrukt\u00f8rene eller veilederne har den kunnskapen som normalt kan forventes.<\/li>\n<li>selskapet skal s\u00f8rge for at tilstrekkelig f\u00f8rstehjelpsutstyr er tilgjengelig.<\/li>\n<li>selskapet iverksetter tiltak for \u00e5 forhindre skade p\u00e5 eller tap av kundenes eiendom.<\/li>\n<\/ol>\n<\/li>\n<li><strong>Kundens forpliktelser<\/strong>\n<ol>\n<li>kunden m\u00e5 f\u00f8lge leverand\u00f8rens instruksjoner og (hus)reglene.<\/li>\n<li>kunden m\u00e5 varsle selskapet om eventuelle medisinske kontraindikasjoner som taler mot \u00e5 ut\u00f8ve sporten.<\/li>\n<li>kunden m\u00e5 f\u00f8lge instruksjonene fra selskapet eller dets ansatte. Kunden har ikke lov til \u00e5 bruke utstyr eller fasiliteter som hun ikke er kjent med. Hvis kunden ikke er kjent med en eller flere deler av utstyret eller fasilitetene, m\u00e5 hun informere selskapet slik at det kan forklare henne hvordan utstyret eller fasilitetene skal brukes.<\/li>\n<li>Kunden kan ikke bruke utstyret eller fasilitetene hvis han\/hun er p\u00e5virket av alkohol, narkotika, medikamenter eller stoffer som betegnes som dopingmidler.<\/li>\n<li>kunden har ikke lov til \u00e5 r\u00f8yke i treningsomr\u00e5dene som selskapet stiller til r\u00e5dighet.<\/li>\n<li>kunden m\u00e5 i god tid informere selskapet skriftlig eller elektronisk om eventuelle endringer av postadresse, e-postadresse, kontonummer og telefonnummer.<\/li>\n<\/ol>\n<\/li>\n<li><strong>forel\u00f8pige endringer<\/strong>\n<ol>\n<li>selskapet kan foreta midlertidige endringer i tjenestetilbud, lokaler og \u00e5pningstider. Selskapet skal kunngj\u00f8re de planlagte endringene minst 4 uker i forveien.<\/li>\n<li>i tilfelle endringer i henhold til punkt 1 til skade for kunden, har kunden rett til \u00e5 si opp kontrakten med en oppsigelsesfrist p\u00e5 \u00e9n m\u00e5ned etter varsel. Ved oppsigelse refunderes den forskuddsbetalte medlemsavgiften.<\/li>\n<\/ol>\n<\/li>\n<li><strong>betaling<\/strong>\n<ol>\n<li>skal skyldig medlemskontingent belastes og innkreves p\u00e5 avtalt m\u00e5te.<\/li>\n<li>etter at betalingsfristen er utl\u00f8pt, inntreffer betalingsmislighold automatisk. Selskapet vil informere kunden skriftlig om dette og gi henne mulighet til \u00e5 betale det skyldige bel\u00f8pet innen to uker.<\/li>\n<li>etter utl\u00f8pet av den nye betalingsfristen forbeholder selskapet seg retten til \u00e5 belaste kunden for forsinkelsesgebyr. Disse inkluderer bankgebyrer for returnerte avtalegiroer, purregebyrer for forsinket betaling osv. samt kostnader ved eventuelle rettslige skritt. I tillegg har selskapet rett til \u00e5 nekte kunden adgang til treningsfasilitetene.<\/li>\n<\/ol>\n<\/li>\n<li><strong>ansvar<\/strong>\n<ol>\n<li>selskapet er ikke ansvarlig for materielle (f.eks. tyveri) eller immaterielle skader (f.eks. personskader) som oppst\u00e5r under trening, konkurranser eller andre aktiviteter. Dette gjelder ikke for ansvar for brudd p\u00e5 en vesentlig kontraktsforpliktelse og for erstatningsansvar overfor kunden som f\u00f8lge av skade p\u00e5 liv, lemmer eller helse, og heller ikke for skader som skyldes forsettlig eller grovt uaktsomt pliktbrudd fra selskapet, dets juridiske representanter eller stedfortredere. Vesentlige kontraktsforpliktelser er forpliktelser hvis oppfyllelse er avgj\u00f8rende for en korrekt gjennomf\u00f8ring av kontrakten og som kontraktspartneren regelmessig kan stole p\u00e5 at blir oppfylt. En vesentlig kontraktsforpliktelse for selskapet er s\u00e6rlig, men ikke utelukkende, kontinuerlig levering av de fasilitetene som er spesifisert i \u00a7 8 i kontrakten. Kunden oppfordres uttrykkelig til ikke \u00e5 ta med seg verdisaker.<\/li>\n<li>Boksing er en fysisk krevende sport. Kundene r\u00e5des derfor til \u00e5 forh\u00f8re seg om sin helsetilstand med fastlegen, slik at de er i stand til \u00e5 f\u00f8lge oppl\u00e6ringen og om n\u00f8dvendig delta i konkurranser p\u00e5 en ansvarlig m\u00e5te.<\/li>\n<li>Boksing er forbundet med risiko. Ved \u00e5 signere p\u00e5meldingsskjemaet erkl\u00e6rer kunden (eller en verge) at han\/hun er klar over disse risikoene og aksepterer dem p\u00e5 egen risiko.<\/li>\n<\/ol>\n<\/li>\n<li><strong>databeskyttelse<\/strong>\n<ol>\n<li>opplysningene som samles inn via bestillingsskjemaet, lagres, brukes og eventuelt videreformidles av Boxing Sisters GmbH i den grad det er n\u00f8dvendig for \u00e5 levere de avtalte tjenestene. Det rettslige grunnlaget er art. 6 para. 1 setning 1 lit. b og f i GDPR og, hvis aktuelt, samtykke i henhold til art. 6 avsn. 1 setning 1 lit. a og art. 9 nr. 2 lit. a Personvernforordningen. Eventuell videre behandling vil bare finne sted hvis kunden har samtykket eller det er gitt juridisk tillatelse.<\/li>\n<\/ol>\n<\/li>\n<li><strong>sluttbestemmelser<\/strong>\n<ol>\n<li>kunden m\u00e5 gi sannferdig informasjon om kontraktsrelevante personopplysninger ved inng\u00e5else av treningsavtalen. Kunden m\u00e5 umiddelbart informere selskapet om eventuelle endringer i kontraktsrelevante opplysninger (navn, adresse, bankopplysninger osv.).<\/li>\n<li>Hvis enkelte bestemmelser i disse vilk\u00e5rene er eller blir ugyldige, skal gyldigheten av de \u00f8vrige vilk\u00e5rene ikke p\u00e5virkes.<\/li>\n<li>kontraktsforholdet mellom partene skal utelukkende reguleres av lovgivningen i Forbundsrepublikken Tyskland, med mindre ufravikelig forbrukervernlovgivning i det EU-medlemslandet der medlemmet er bosatt er til hinder for dette. Kontraktsspr\u00e5ket er tysk.<\/li>\n<\/ol>\n<\/li>\n<\/ol>\n\t\t\t\t\t\t\t\t<\/div>\n\t\t\t\t<\/div>\n\t\t\t\t<\/div>\n\t\t<div class=\"elementor-element elementor-element-54444f3 e-con-full e-flex e-con e-child\" data-id=\"54444f3\" data-element_type=\"container\" data-e-type=\"container\">\n\t\t\t\t<\/div>\n\t\t\t\t<\/div>\n\t\t\t\t<\/div>\n\t\t","protected":false},"excerpt":{"rendered":"<p>Vilk\u00e5r og betingelser Vilk\u00e5r og betingelser definisjoner\/definisjoner Med mindre annet fremg\u00e5r av sammenhengen, skal f\u00f8lgende begreper ha f\u00f8lgende betydning i forbindelse med denne kontrakten. generelle vilk\u00e5r og betingelser: de generelle vilk\u00e5rene og betingelsene som brukes av Boxing Sisters og dets lokale datterselskaper. fitness: en tjeneste rettet mot fysisk og\/eller mental aktivitet. kunde: en fysisk person [&hellip;]<\/p>\n","protected":false},"author":1,"featured_media":0,"parent":0,"menu_order":0,"comment_status":"closed","ping_status":"closed","template":"","meta":{"footnotes":""},"class_list":["post-3240","page","type-page","status-publish","hentry"],"acf":[],"_links":{"self":[{"href":"https:\/\/beat2beat.club\/no\/wp-json\/wp\/v2\/pages\/3240","targetHints":{"allow":["GET"]}}],"collection":[{"href":"https:\/\/beat2beat.club\/no\/wp-json\/wp\/v2\/pages"}],"about":[{"href":"https:\/\/beat2beat.club\/no\/wp-json\/wp\/v2\/types\/page"}],"author":[{"embeddable":true,"href":"https:\/\/beat2beat.club\/no\/wp-json\/wp\/v2\/users\/1"}],"replies":[{"embeddable":true,"href":"https:\/\/beat2beat.club\/no\/wp-json\/wp\/v2\/comments?post=3240"}],"version-history":[{"count":3,"href":"https:\/\/beat2beat.club\/no\/wp-json\/wp\/v2\/pages\/3240\/revisions"}],"predecessor-version":[{"id":4384,"href":"https:\/\/beat2beat.club\/no\/wp-json\/wp\/v2\/pages\/3240\/revisions\/4384"}],"wp:attachment":[{"href":"https:\/\/beat2beat.club\/no\/wp-json\/wp\/v2\/media?parent=3240"}],"curies":[{"name":"wp","href":"https:\/\/api.w.org\/{rel}","templated":true}]}}