{"id":3238,"date":"2024-07-22T14:25:24","date_gmt":"2024-07-22T12:25:24","guid":{"rendered":"http:\/\/beat2beat.club\/allgemeine-geschaeftsbedingungen\/"},"modified":"2024-09-27T11:38:23","modified_gmt":"2024-09-27T09:38:23","slug":"allgemeine-geschaeftsbedingungen","status":"publish","type":"page","link":"https:\/\/beat2beat.club\/de\/allgemeine-geschaeftsbedingungen\/","title":{"rendered":"Allgemeine Gesch\u00e4ftsbedingungen"},"content":{"rendered":"\t\t<div data-elementor-type=\"wp-page\" data-elementor-id=\"3238\" class=\"elementor elementor-3238 elementor-2155\" data-elementor-post-type=\"page\">\n\t\t\t\t<div data-dce-background-color=\"#000000\" class=\"elementor-element elementor-element-60f31520 e-con-full elementor-hidden-desktop e-flex e-con e-parent\" data-id=\"60f31520\" data-element_type=\"container\" data-e-type=\"container\" data-settings=\"{&quot;background_background&quot;:&quot;video&quot;,&quot;background_video_link&quot;:&quot;http:\\\/\\\/beat2beat.club\\\/wp-content\\\/uploads\\\/2024\\\/07\\\/12rndsportrait.mp4&quot;,&quot;background_play_on_mobile&quot;:&quot;yes&quot;,&quot;background_privacy_mode&quot;:&quot;yes&quot;}\">\n\t\t<div class=\"elementor-background-video-container\">\n\t\t\t\t\t\t\t<video class=\"elementor-background-video-hosted\" role=\"presentation\" autoplay muted playsinline loop><\/video>\n\t\t\t\t\t<\/div><div class=\"elementor-element elementor-element-3990f8a7 e-con-full e-flex e-con e-child\" data-id=\"3990f8a7\" data-element_type=\"container\" data-e-type=\"container\" data-settings=\"{&quot;background_background&quot;:&quot;classic&quot;}\">\n\t\t<div class=\"elementor-element elementor-element-5f0a4396 e-con-full e-flex e-con e-child\" data-id=\"5f0a4396\" data-element_type=\"container\" data-e-type=\"container\">\n\t\t<div class=\"elementor-element elementor-element-4ae7fb7c e-con-full e-flex e-con e-child\" data-id=\"4ae7fb7c\" data-element_type=\"container\" data-e-type=\"container\">\n\t\t\t\t<div class=\"elementor-element elementor-element-1387e654 elementor-widget elementor-widget-heading\" data-id=\"1387e654\" data-element_type=\"widget\" data-e-type=\"widget\" data-settings=\"{&quot;ekit_we_effect_on&quot;:&quot;none&quot;}\" data-widget_type=\"heading.default\">\n\t\t\t\t<div class=\"elementor-widget-container\">\n\t\t\t\t\t<h2 class=\"elementor-heading-title elementor-size-default\">Allgemeine Gesch\u00e4ftsbedingungen<\/h2>\t\t\t\t<\/div>\n\t\t\t\t<\/div>\n\t\t\t\t<\/div>\n\t\t\t\t<\/div>\n\t\t\t\t<\/div>\n\t\t\t\t<\/div>\n\t\t<div data-dce-background-color=\"#000000\" class=\"elementor-element elementor-element-6fdaabbc e-con-full elementor-hidden-tablet elementor-hidden-mobile e-flex e-con e-parent\" data-id=\"6fdaabbc\" data-element_type=\"container\" data-e-type=\"container\" data-settings=\"{&quot;background_background&quot;:&quot;video&quot;,&quot;background_video_link&quot;:&quot;http:\\\/\\\/beat2beat.club\\\/wp-content\\\/uploads\\\/2024\\\/07\\\/12rndslandscape.mp4&quot;}\">\n\t\t<div class=\"elementor-background-video-container elementor-hidden-mobile\">\n\t\t\t\t\t\t\t<video class=\"elementor-background-video-hosted\" role=\"presentation\" autoplay muted playsinline loop><\/video>\n\t\t\t\t\t<\/div><div class=\"elementor-element elementor-element-5b85ef50 e-con-full e-flex e-con e-child\" data-id=\"5b85ef50\" data-element_type=\"container\" data-e-type=\"container\" data-settings=\"{&quot;background_background&quot;:&quot;classic&quot;}\">\n\t\t<div class=\"elementor-element elementor-element-1495b5a4 e-con-full e-flex e-con e-child\" data-id=\"1495b5a4\" data-element_type=\"container\" data-e-type=\"container\">\n\t\t<div class=\"elementor-element elementor-element-5a42cb48 e-con-full e-flex e-con e-child\" data-id=\"5a42cb48\" data-element_type=\"container\" data-e-type=\"container\">\n\t\t\t\t<div class=\"elementor-element elementor-element-1c809a99 elementor-widget elementor-widget-heading\" data-id=\"1c809a99\" data-element_type=\"widget\" data-e-type=\"widget\" data-settings=\"{&quot;ekit_we_effect_on&quot;:&quot;none&quot;}\" data-widget_type=\"heading.default\">\n\t\t\t\t<div class=\"elementor-widget-container\">\n\t\t\t\t\t<h2 class=\"elementor-heading-title elementor-size-default\">Allgemeine Gesch\u00e4ftsbedingungen<\/h2>\t\t\t\t<\/div>\n\t\t\t\t<\/div>\n\t\t\t\t<\/div>\n\t\t\t\t<\/div>\n\t\t\t\t<\/div>\n\t\t\t\t<\/div>\n\t\t<div class=\"elementor-element elementor-element-6f6bebc e-con-full e-flex e-con e-parent\" data-id=\"6f6bebc\" data-element_type=\"container\" data-e-type=\"container\" data-settings=\"{&quot;background_background&quot;:&quot;classic&quot;}\">\n\t\t<div class=\"elementor-element elementor-element-4e7f2964 e-con-full e-flex elementor-invisible e-con e-child\" data-id=\"4e7f2964\" data-element_type=\"container\" data-e-type=\"container\" data-settings=\"{&quot;animation&quot;:&quot;fadeInLeft&quot;,&quot;animation_delay&quot;:100}\">\n\t\t\t\t<div class=\"elementor-element elementor-element-f1a8d2f elementor-widget__width-inherit elementor-widget elementor-widget-text-editor\" data-id=\"f1a8d2f\" data-element_type=\"widget\" data-e-type=\"widget\" data-settings=\"{&quot;ekit_we_effect_on&quot;:&quot;none&quot;}\" data-widget_type=\"text-editor.default\">\n\t\t\t\t<div class=\"elementor-widget-container\">\n\t\t\t\t\t\t\t\t\t<ol>\n<li><strong>  Definitionen\/Definitionen<\/strong>\n<ol>\n<li>Sofern sich aus dem Kontext nichts anderes ergibt, haben die folgenden Begriffe im Zusammenhang mit diesem Vertrag die folgende Bedeutung.<\/li>\n<li>Allgemeine Gesch\u00e4ftsbedingungen: die von Boxing Sisters und seinen lokalen Tochtergesellschaften verwendeten allgemeinen Gesch\u00e4ftsbedingungen.<\/li>\n<li>Fitness: eine Dienstleistung, die auf k\u00f6rperliche und\/oder geistige Aktivit\u00e4t abzielt<\/li>\n<li>Kunde: eine nat\u00fcrliche Person, die nicht im Rahmen einer beruflichen oder gewerblichen T\u00e4tigkeit handelt und die einen Vertrag \u00fcber Fitnessdienstleistungen abschlie\u00dft<\/li>\n<li>Unternehmen: 12 Rounds (siehe Kontaktseite f\u00fcr Unternehmensangaben pro Land)<\/li>\n<li>Vertrag: Vertrag zwischen dem Unternehmen und dem Kunden \u00fcber die Erbringung von Fitnessdienstleistungen.<\/li>\n<\/ol>\n<\/li>\n<li><strong>  Anwendungsbereich<\/strong>\n<ol>\n<li>F\u00fcr die Gesch\u00e4ftsbeziehung zwischen dem Unternehmen und dem Kunden gelten ausschlie\u00dflich die vorliegenden Allgemeinen Gesch\u00e4ftsbedingungen in der zum Zeitpunkt des Vertragsabschlusses g\u00fcltigen Fassung.<\/li>\n<\/ol>\n<\/li>\n<li><strong>  Vertragsabschluss<\/strong>\n<ol>\n<li>Durch das Ausf\u00fcllen des Formulars &#8222;Ich m\u00f6chte Startinformationen erhalten&#8220; auf der Website des Unternehmens bekundet die Kundin ihr Interesse an einem von dem Unternehmen organisierten Kurs. Vor dem Absenden des Formulars hat der Kunde die M\u00f6glichkeit, die von ihm eingegebenen Daten zu \u00fcberpr\u00fcfen. Nach dem Absenden des Formulars erh\u00e4lt der Kunde eine automatisch generierte E-Mail oder eine automatisch generierte WhatsApp-Nachricht. In dieser elektronischen Nachricht erh\u00e4lt der Kunde alle Informationen, die er f\u00fcr den Vertragsabschluss ben\u00f6tigt. Mit dem Erhalt dieser automatischen E-Mail oder dieser automatischen WhatsApp-Nachricht kommt kein Vertrag zustande.<\/li>\n<li>Der Vertrag zwischen dem Unternehmen und dem Kunden kommt mit der Zahlung der Geb\u00fchr f\u00fcr den Kurs oder die Mitgliedschaft zustande. Die Zahlung kann durch Anklicken eines Links in der automatisch generierten E-Mail oder der automatisch generierten WhatsApp-Nachricht erfolgen, wodurch der Kunde durch Anklicken auf eine Zahlungsseite des Unternehmens weitergeleitet wird. Auf dieser Website kann der Kunde die Zahlung \u00fcber einen vom Unternehmen angebotenen Zahlungsdienst vornehmen. Bei erfolgreicher Zahlung kommt ein Vertrag zwischen dem Unternehmen und dem Kunden zustande.<\/li>\n<li>Der Inhalt des Vertrags sowie die anderen Dokumente, die das Unternehmen dem Kunden zur Verf\u00fcgung stellt, m\u00fcssen streng vertraulich behandelt werden.<\/li>\n<li>Vertr\u00e4ge mit Minderj\u00e4hrigen (unter 18 Jahren) k\u00f6nnen nicht abgeschlossen werden. Die Teilnahme ist nur f\u00fcr Erwachsene ab 18 Jahren erlaubt.<\/li>\n<\/ol>\n<\/li>\n<li><strong>Widerrufsrecht<\/strong>\n<ol>\n<li>Kunden haben das Recht, den Vertrag innerhalb von vierzehn Tagen nach Vertragsabschluss ohne Angabe von Gr\u00fcnden zu widerrufen. Um das Widerrufsrecht auszu\u00fcben, muss die Kundin\/der Kunde das Unternehmen mittels eines Formulars dar\u00fcber informieren, dass sie\/er vom Vertrag zur\u00fccktreten m\u00f6chte. Das Formular kann per Post, Fax oder E-Mail an das Unternehmen geschickt werden. Um die Widerrufsfrist einzuhalten, reicht es aus, das Formular zur Aus\u00fcbung des Widerrufsrechts vor Ablauf der Widerrufsfrist abzusenden. Das Widerrufsrecht endet jedoch mit der vorzeitigen Inanspruchnahme der Fitnessdienstleistung durch den Verbraucher.<\/li>\n<li>Wenn ein Verbraucher den Vertrag widerruft, erstattet das Unternehmen alle vom Verbraucher geleisteten Zahlungen unverz\u00fcglich, sp\u00e4testens jedoch innerhalb von 14 Tagen ab dem Tag, an dem das Unternehmen die Mitteilung \u00fcber den Widerruf erh\u00e4lt. F\u00fcr diese R\u00fcckzahlung verwendet das Unternehmen dasselbe Zahlungsmittel, das der Verbraucher f\u00fcr die urspr\u00fcngliche Zahlung verwendet hat, es sei denn, es wurde ausdr\u00fccklich etwas anderes vereinbart; in keinem Fall werden dem Verbraucher f\u00fcr diese R\u00fcckzahlung Geb\u00fchren berechnet.<\/li>\n<\/ol>\n<\/li>\n<li><strong>Gegenstand und Umfang der Dienstleistungen<\/strong>\n<ol>\n<li>Art und Umfang der Leistungen h\u00e4ngen vom Fitnessvertrag und den angebotenen und gew\u00e4hlten Zusatzleistungen oder Paketen (z. B. Personal Coaching) ab.<\/li>\n<li>Die Mitgliedschaft ist pers\u00f6nlich. Die Mitgliedschaft kann ohne schriftliche Zustimmung des Unternehmens nicht auf Dritte \u00fcbertragen werden<\/li>\n<\/ol>\n<\/li>\n<li><strong>Dauer und (vorzeitige) Beendigung des Vertrags<\/strong>\n<ol>\n<li>das Unternehmen dem Kunden mindestens eine der folgenden Optionen anbietet:\n<ol>\n<li>Der Einsteigerkurs, bei dem die Kundin 16 Credits (Recht zur Teilnahme an 16 Kursen) erh\u00e4lt, die sie in einem Zeitraum von 11 Wochen f\u00fcr einen der vom Unternehmen angebotenen Kurse (Boxing Sisters Einsteiger- und Fortgeschrittenenkurse) frei verwenden kann. Der Vertrag endet automatisch, wenn das Guthaben aufgebraucht ist oder die 11-Wochen-Frist abgelaufen ist, ohne dass es einer weiteren K\u00fcndigung bedarf. Eine zwischenzeitliche K\u00fcndigung ohne wichtigen Grund ist ausgeschlossen.<\/li>\n<li>Eine flexible Mitgliedschaft f\u00fcr einen Zeitraum von vier Wochen, die monatlich mit einer Frist von einem Monat zum Monatsende gek\u00fcndigt werden kann. Die Teilnahme an einem Einf\u00fchrungskurs ist eine Voraussetzung f\u00fcr diese Mitgliedschaft.<\/li>\n<li>Eine Treue-Mitgliedschaft f\u00fcr mindestens ein Jahr, die zum Ende dieser Vertragslaufzeit mit einer Frist von einem Monat zum Monatsende gek\u00fcndigt werden kann. Die Teilnahme an einem Einf\u00fchrungskurs ist eine Voraussetzung f\u00fcr diese Mitgliedschaft.<\/li>\n<li>wenn der Vertrag nicht rechtzeitig gek\u00fcndigt wird, verl\u00e4ngert er sich nach Ablauf der K\u00fcndigungsfrist stillschweigend um 4 Wochen. Der verl\u00e4ngerte Vertrag kann jederzeit unter Einhaltung der einmonatigen K\u00fcndigungsfrist gek\u00fcndigt werden.<\/li>\n<li>Wenn der Vertrag f\u00fcr einen l\u00e4ngeren Zeitraum als ein Jahr geschlossen wird, kann der Kunde den Vertrag nach Ablauf dieses Zeitraums mit einer Frist von einem Monat k\u00fcndigen.<\/li>\n<li>Eine au\u00dferordentliche K\u00fcndigung durch den Kunden ist m\u00f6glich, wenn:\n<ol>\n<li>der Verbraucher seinen Wohnsitz au\u00dferhalb eines Radius von 20 km von dem Fitnessstudio verlegt, f\u00fcr das die Mitgliedschaft abgeschlossen wurde. Dies muss durch einen Eintrag im Einwohnermelderegister nachgewiesen werden.<\/li>\n<li>der Kunde eine Verletzung oder Krankheit erleidet, die eine weitere Nutzung der Dienstleistungen des Unternehmens unm\u00f6glich oder sch\u00e4dlich machen w\u00fcrde. Wenn die Verwendung einzelner, nicht ganz unbedeutender Teile m\u00f6glich bleibt, ist eine au\u00dferordentliche K\u00fcndigung nicht zul\u00e4ssig.<\/li>\n<li>Die Kundin ist schwanger.<\/li>\n<li>Der Vertrag muss schriftlich gek\u00fcndigt werden.<\/li>\n<li>Zus\u00e4tzlich zu der in Absatz 4 genannten K\u00fcndigungsm\u00f6glichkeit hat der Kunde auch die M\u00f6glichkeit, den Vertrag einzufrieren. Im Falle einer Krankheit oder Verletzung, die eine Nutzung der Leistungen des Unternehmens f\u00fcr einen Zeitraum von mehr als einem Monat unm\u00f6glich oder nachteilig machen w\u00fcrde, kann die Kundin erkl\u00e4ren, dass sie die Fitnessaktivit\u00e4ten verletzungs- oder krankheitsbedingt f\u00fcr mehr als einen Monat nicht nutzen wird. In diesem Fall wird die Vertragslaufzeit um diesen Zeitraum verl\u00e4ngert, ohne dass f\u00fcr diesen Zeitraum zus\u00e4tzliche Beitragskosten anfallen.<\/li>\n<li>Eine au\u00dferordentliche K\u00fcndigung durch das Unternehmen ist mit sofortiger Wirkung m\u00f6glich, wenn:\n<ol>\n<li>Der Verbraucher verst\u00f6\u00dft gegen eine oder mehrere Bestimmungen dieser Gesch\u00e4ftsbedingungen oder der geltenden (Haus-)Regeln.<\/li>\n<li>der Verbraucher hat sich gegen\u00fcber dem Unternehmen oder einer Vertragspartei des Unternehmens rechtswidrig verhalten.<\/li>\n<li>Ist der Kunde mit der Zahlung eines Betrags in H\u00f6he von zwei Monatsbeitr\u00e4gen im R\u00fcckstand, berechtigt dies das Unternehmen zur fristlosen K\u00fcndigung aus wichtigem Grund.<\/li>\n<\/ol>\n<\/li>\n<\/ol>\n<\/li>\n<\/ol>\n<\/li>\n<\/ol>\n<\/li>\n<li><strong>Preise und Preis\u00e4nderungen<\/strong>\n<ol>\n<li>der Mitgliedsbeitrag muss im Voraus bezahlt werden.<\/li>\n<li>Etwaige Preiserh\u00f6hungen werden vom Unternehmer 2 Wochen im Voraus angek\u00fcndigt.<\/li>\n<li>im Falle einer Preiserh\u00f6hung hat der Kunde das Recht, den Vertrag innerhalb eines Monats nach Bekanntgabe der Preiserh\u00f6hung zu k\u00fcndigen. Der im Voraus bezahlte Mitgliedsbeitrag wird zur\u00fcckerstattet.<\/li>\n<li>Die K\u00fcndigungsm\u00f6glichkeit nach Absatz 3 gilt nicht f\u00fcr Preisanpassungen, die auf einer Preisindexierung von bis zu 60 \u20ac pro Jahr beruhen, oder f\u00fcr Preisanpassungen, die sich direkt aus dem Gesetz ergeben, wie z. B. bei der Mehrwertsteuer.<\/li>\n<\/ol>\n<\/li>\n<li><strong>Verpflichtungen des Unternehmens\/Anbieters<\/strong>\n<ol>\n<li>das Unternehmen garantiert, dass die bereitgestellten Einrichtungen und Dienstleistungen dem Vertrag entsprechen.<\/li>\n<li>das Unternehmen muss die notwendige Wartung der Ausr\u00fcstung durchf\u00fchren.<\/li>\n<li>das Unternehmen garantiert, dass die Ausbilder\/innen oder Betreuer\/innen \u00fcber ausreichende Kenntnisse verf\u00fcgen, die normalerweise erwartet werden k\u00f6nnen.<\/li>\n<li>Das Unternehmen stellt sicher, dass eine ausreichende Erste-Hilfe-Ausr\u00fcstung vorhanden ist.<\/li>\n<li>das Unternehmen Ma\u00dfnahmen ergreift, um die Besch\u00e4digung oder den Verlust von Eigentum der Kunden zu verhindern.<\/li>\n<\/ol>\n<\/li>\n<li><strong>Verpflichtungen des Kunden<\/strong>\n<ol>\n<li>der Kunde muss sich an die Anweisungen des Anbieters und die (Haus-)Regeln halten.<\/li>\n<li>der Kunde muss das Unternehmen \u00fcber jede medizinische Kontraindikation informieren, die gegen die Aus\u00fcbung der Sportart spricht.<\/li>\n<li>muss der Kunde die Anweisungen des Unternehmens oder seiner Mitarbeiter befolgen. Der Kundin ist es nicht erlaubt, Ger\u00e4te oder Einrichtungen zu benutzen, mit denen sie nicht vertraut ist. Wenn die Kundin\/der Kunde mit einem oder mehreren Ger\u00e4ten oder Einrichtungen nicht vertraut ist, muss sie\/er das Unternehmen dar\u00fcber informieren, damit es ihr\/ihm erkl\u00e4ren kann, wie die Ger\u00e4te oder Einrichtungen benutzt werden sollen.<\/li>\n<li>darf der Kunde die Ausr\u00fcstung oder die Einrichtungen nicht benutzen, wenn er unter dem Einfluss von Alkohol, Drogen, Medikamenten oder als Dopingmittel bezeichneten Substanzen steht.<\/li>\n<li>Der Kunde darf in den vom Unternehmen zur Verf\u00fcgung gestellten Fitnessbereichen nicht rauchen.<\/li>\n<li>der Kunde muss das Unternehmen rechtzeitig schriftlich oder elektronisch \u00fcber \u00c4nderungen seiner Postanschrift, E-Mail-Adresse, Kontonummer und Telefonnummer informieren.<\/li>\n<\/ol>\n<\/li>\n<li><strong>vorl\u00e4ufige \u00c4nderungen<\/strong>\n<ol>\n<li>kann das Unternehmen zwischenzeitliche \u00c4nderungen an den angebotenen Dienstleistungen, R\u00e4umlichkeiten und \u00d6ffnungszeiten vornehmen. Das Unternehmen muss die geplanten \u00c4nderungen mindestens 4 Wochen im Voraus ank\u00fcndigen.<\/li>\n<li>im Falle von \u00c4nderungen gem\u00e4\u00df Absatz 1 zum Nachteil des Kunden hat der Kunde das Recht, den Vertrag mit einer Frist von einem Monat nach Mitteilung zu k\u00fcndigen. Im Falle einer K\u00fcndigung wird der im Voraus gezahlte Mitgliedsbeitrag zur\u00fcckerstattet.<\/li>\n<\/ol>\n<\/li>\n<li><strong>Zahlung<\/strong>\n<ol>\n<li>die f\u00e4lligen Mitgliedsbeitr\u00e4ge werden auf die vereinbarte Weise erhoben und eingezogen.<\/li>\n<li>nach Ablauf der Zahlungsfrist, tritt automatisch Zahlungsverzug ein. Das Unternehmen wird die Kundin schriftlich dar\u00fcber informieren und ihr die M\u00f6glichkeit geben, den f\u00e4lligen Betrag innerhalb von zwei Wochen zu bezahlen.<\/li>\n<li>nach Ablauf der neuen Zahlungsfrist beh\u00e4lt sich das Unternehmen das Recht vor, dem Kunden die Kosten f\u00fcr den Zahlungsverzug in Rechnung zu stellen. Dazu geh\u00f6ren Bankgeb\u00fchren f\u00fcr zur\u00fcckgegebene Lastschriften, Mahngeb\u00fchren f\u00fcr versp\u00e4tete Zahlungen usw. sowie die Kosten f\u00fcr entsprechende rechtliche Schritte. Dar\u00fcber hinaus ist das Unternehmen berechtigt, dem Kunden den Zugang zu den Fitnesseinrichtungen zu verweigern.<\/li>\n<\/ol>\n<\/li>\n<li><strong>Haftung<\/strong>\n<ol>\n<li>Das Unternehmen haftet nicht f\u00fcr materielle (z. B. Diebstahl) oder immaterielle Sch\u00e4den (z. B. Verletzungen), die w\u00e4hrend des Trainings, der Wettk\u00e4mpfe oder anderer Aktivit\u00e4ten entstehen. Dies gilt nicht f\u00fcr die Haftung f\u00fcr die Verletzung einer wesentlichen Vertragspflicht und f\u00fcr die Haftung f\u00fcr Sch\u00e4den des Kunden aus der Verletzung des Lebens, des K\u00f6rpers oder der Gesundheit sowie f\u00fcr Sch\u00e4den, die auf einer vors\u00e4tzlichen oder grob fahrl\u00e4ssigen Pflichtverletzung des Unternehmens, seiner gesetzlichen Vertreter oder Erf\u00fcllungsgehilfen beruhen. Wesentliche Vertragspflichten sind solche, deren Erf\u00fcllung die ordnungsgem\u00e4\u00dfe Durchf\u00fchrung des Vertrags \u00fcberhaupt erst erm\u00f6glicht und auf deren Einhaltung der Vertragspartner regelm\u00e4\u00dfig vertrauen darf. Eine wesentliche Vertragspflicht des Unternehmens ist insbesondere, aber nicht ausschlie\u00dflich, die kontinuierliche Bereitstellung der in \u00a7 8 des Vertrages genannten Einrichtungen. Der Kunde wird ausdr\u00fccklich darauf hingewiesen, keine Wertsachen mitzubringen.<\/li>\n<li>Boxen ist ein k\u00f6rperlich anspruchsvoller Sport. Den Kunden wird daher empfohlen, sich bei ihrem Hausarzt \u00fcber ihren Gesundheitszustand zu erkundigen, damit sie dem Training und ggf. den Wettk\u00e4mpfen verantwortungsvoll folgen k\u00f6nnen.<\/li>\n<li>Boxen ist mit Risiken verbunden. Mit der Unterschrift auf dem Anmeldeformular erkl\u00e4rt der Kunde (oder ein Erziehungsberechtigter), dass er\/sie sich dieser Risiken bewusst ist und sie auf eigene Gefahr akzeptiert.<\/li>\n<\/ol>\n<\/li>\n<li><strong>datenschutz<\/strong>\n<ol>\n<li>die \u00fcber das Buchungsformular erhobenen Daten werden von der Boxing Sisters GmbH gespeichert, genutzt und ggf. weitergegeben, soweit dies zur Erbringung der vertraglichen Leistungen erforderlich ist. Die Rechtsgrundlage ist Art. 6 Abs. 1 Satz 1 Lit. b und f DSGVO und, falls zutreffend, die Einwilligung gem\u00e4\u00df Art. 6 Abs. 1 Satz 1 Lit. a und Art. 9 Abs. 2 Lit. a GDPR. Eine weitere Verarbeitung findet nur statt, wenn der Kunde eingewilligt hat oder eine gesetzliche Erlaubnis erteilt wurde.<\/li>\n<\/ol>\n<\/li>\n<li><strong>Schlussbestimmungen<\/strong>\n<ol>\n<li>der Kunde muss bei Abschluss des Fitnessvertrags wahrheitsgem\u00e4\u00dfe Angaben zu vertragsrelevanten personenbezogenen Daten machen. Der Kunde muss das Unternehmen unverz\u00fcglich \u00fcber alle \u00c4nderungen von vertragsrelevanten Daten (Name, Adresse, Bankverbindung usw.) informieren.<\/li>\n<li>Sollten einzelne Bestimmungen dieser AGB unwirksam sein oder werden, so bleibt die G\u00fcltigkeit der \u00fcbrigen AGB davon unber\u00fchrt.<\/li>\n<li>Das Vertragsverh\u00e4ltnis zwischen den Parteien unterliegt ausschlie\u00dflich dem Recht der Bundesrepublik Deutschland, soweit nicht zwingendes Verbraucherschutzrecht des EU-Mitgliedstaates, in dem das Mitglied seinen Wohnsitz hat, dem entgegensteht. Die Vertragssprache ist Deutsch.<\/li>\n<\/ol>\n<\/li>\n<\/ol>\n\t\t\t\t\t\t\t\t<\/div>\n\t\t\t\t<\/div>\n\t\t\t\t<\/div>\n\t\t<div class=\"elementor-element elementor-element-54444f3 e-con-full e-flex e-con e-child\" data-id=\"54444f3\" data-element_type=\"container\" data-e-type=\"container\">\n\t\t\t\t<\/div>\n\t\t\t\t<\/div>\n\t\t\t\t<\/div>\n\t\t","protected":false},"excerpt":{"rendered":"<p>Allgemeine Gesch\u00e4ftsbedingungen Allgemeine Gesch\u00e4ftsbedingungen Definitionen\/Definitionen Sofern sich aus dem Kontext nichts anderes ergibt, haben die folgenden Begriffe im Zusammenhang mit diesem Vertrag die folgende Bedeutung. Allgemeine Gesch\u00e4ftsbedingungen: die von Boxing Sisters und seinen lokalen Tochtergesellschaften verwendeten allgemeinen Gesch\u00e4ftsbedingungen. Fitness: eine Dienstleistung, die auf k\u00f6rperliche und\/oder geistige Aktivit\u00e4t abzielt Kunde: eine nat\u00fcrliche Person, die nicht im [&hellip;]<\/p>\n","protected":false},"author":1,"featured_media":0,"parent":0,"menu_order":0,"comment_status":"closed","ping_status":"closed","template":"","meta":{"footnotes":""},"class_list":["post-3238","page","type-page","status-publish","hentry"],"acf":[],"_links":{"self":[{"href":"https:\/\/beat2beat.club\/de\/wp-json\/wp\/v2\/pages\/3238","targetHints":{"allow":["GET"]}}],"collection":[{"href":"https:\/\/beat2beat.club\/de\/wp-json\/wp\/v2\/pages"}],"about":[{"href":"https:\/\/beat2beat.club\/de\/wp-json\/wp\/v2\/types\/page"}],"author":[{"embeddable":true,"href":"https:\/\/beat2beat.club\/de\/wp-json\/wp\/v2\/users\/1"}],"replies":[{"embeddable":true,"href":"https:\/\/beat2beat.club\/de\/wp-json\/wp\/v2\/comments?post=3238"}],"version-history":[{"count":3,"href":"https:\/\/beat2beat.club\/de\/wp-json\/wp\/v2\/pages\/3238\/revisions"}],"predecessor-version":[{"id":4382,"href":"https:\/\/beat2beat.club\/de\/wp-json\/wp\/v2\/pages\/3238\/revisions\/4382"}],"wp:attachment":[{"href":"https:\/\/beat2beat.club\/de\/wp-json\/wp\/v2\/media?parent=3238"}],"curies":[{"name":"wp","href":"https:\/\/api.w.org\/{rel}","templated":true}]}}